{"id":1496,"date":"2021-06-16T11:24:50","date_gmt":"2021-06-16T10:24:50","guid":{"rendered":"http:\/\/capricornls.com\/wine-english-training\/"},"modified":"2021-12-08T14:27:51","modified_gmt":"2021-12-08T14:27:51","slug":"wine-english-training","status":"publish","type":"page","link":"https:\/\/capricornls.com\/fr\/wine-english-training\/","title":{"rendered":"Formation \u00e0 l&rsquo;anglais du vin"},"content":{"rendered":"","protected":false},"excerpt":{"rendered":"","protected":false},"author":2,"featured_media":0,"parent":0,"menu_order":0,"comment_status":"closed","ping_status":"closed","template":"","meta":{"content-type":"","footnotes":"","_links_to":"","_links_to_target":""},"class_list":["post-1496","page","type-page","status-publish","hentry"],"acf":[],"yoast_head":"<!-- This site is optimized with the Yoast SEO plugin v19.10 - https:\/\/yoast.com\/wordpress\/plugins\/seo\/ -->\n<title>Formation \u00e0 l&#039;anglais du vin - Capricorn Language Solutions<\/title>\n<meta name=\"description\" content=\"Formations multim\u00e9dia interactives en ligne, mat\u00e9riel et support d&#039;un formateur, \u00e0 partir de 99\u20ac. N&#039;importe quand, n&#039;importe o\u00f9.\" \/>\n<meta name=\"robots\" content=\"index, follow, max-snippet:-1, max-image-preview:large, max-video-preview:-1\" \/>\n<link rel=\"canonical\" href=\"https:\/\/capricornls.com\/fr\/wine-english-training\/\" \/>\n<meta property=\"og:locale\" content=\"fr_FR\" \/>\n<meta property=\"og:type\" content=\"article\" \/>\n<meta property=\"og:title\" content=\"Formation \u00e0 l&#039;anglais du vin - Capricorn Language Solutions\" \/>\n<meta property=\"og:description\" content=\"Formations multim\u00e9dia interactives en ligne, mat\u00e9riel et support d&#039;un formateur, \u00e0 partir de 99\u20ac. N&#039;importe quand, n&#039;importe o\u00f9.\" \/>\n<meta property=\"og:url\" content=\"https:\/\/capricornls.com\/fr\/wine-english-training\/\" \/>\n<meta property=\"og:site_name\" content=\"Capricorn Language Solutions\" \/>\n<meta property=\"article:modified_time\" content=\"2021-12-08T14:27:51+00:00\" \/>\n<meta name=\"twitter:card\" content=\"summary_large_image\" \/>\n<script type=\"application\/ld+json\" class=\"yoast-schema-graph\">{\"@context\":\"https:\/\/schema.org\",\"@graph\":[{\"@type\":\"WebPage\",\"@id\":\"https:\/\/capricornls.com\/fr\/wine-english-training\/\",\"url\":\"https:\/\/capricornls.com\/fr\/wine-english-training\/\",\"name\":\"Formation \u00e0 l'anglais du vin - Capricorn Language Solutions\",\"isPartOf\":{\"@id\":\"https:\/\/capricornls.com\/#website\"},\"datePublished\":\"2021-06-16T10:24:50+00:00\",\"dateModified\":\"2021-12-08T14:27:51+00:00\",\"description\":\"Formations multim\u00e9dia interactives en ligne, mat\u00e9riel et support d'un formateur, \u00e0 partir de 99\u20ac. N'importe quand, n'importe o\u00f9.\",\"breadcrumb\":{\"@id\":\"https:\/\/capricornls.com\/fr\/wine-english-training\/#breadcrumb\"},\"inLanguage\":\"fr-FR\",\"potentialAction\":[{\"@type\":\"ReadAction\",\"target\":[\"https:\/\/capricornls.com\/fr\/wine-english-training\/\"]}]},{\"@type\":\"BreadcrumbList\",\"@id\":\"https:\/\/capricornls.com\/fr\/wine-english-training\/#breadcrumb\",\"itemListElement\":[{\"@type\":\"ListItem\",\"position\":1,\"name\":\"Home\",\"item\":\"https:\/\/capricornls.com\/fr\/\"},{\"@type\":\"ListItem\",\"position\":2,\"name\":\"Formation \u00e0 l&#8217;anglais du vin\"}]},{\"@type\":\"WebSite\",\"@id\":\"https:\/\/capricornls.com\/#website\",\"url\":\"https:\/\/capricornls.com\/\",\"name\":\"Capricorn Language Solutions\",\"description\":\"Specialist Mobile Business English language training\",\"potentialAction\":[{\"@type\":\"SearchAction\",\"target\":{\"@type\":\"EntryPoint\",\"urlTemplate\":\"https:\/\/capricornls.com\/?s={search_term_string}\"},\"query-input\":\"required name=search_term_string\"}],\"inLanguage\":\"fr-FR\"}]}<\/script>\n<!-- \/ Yoast SEO plugin. -->","yoast_head_json":{"title":"Formation \u00e0 l'anglais du vin - Capricorn Language Solutions","description":"Formations multim\u00e9dia interactives en ligne, mat\u00e9riel et support d'un formateur, \u00e0 partir de 99\u20ac. N'importe quand, n'importe o\u00f9.","robots":{"index":"index","follow":"follow","max-snippet":"max-snippet:-1","max-image-preview":"max-image-preview:large","max-video-preview":"max-video-preview:-1"},"canonical":"https:\/\/capricornls.com\/fr\/wine-english-training\/","og_locale":"fr_FR","og_type":"article","og_title":"Formation \u00e0 l'anglais du vin - Capricorn Language Solutions","og_description":"Formations multim\u00e9dia interactives en ligne, mat\u00e9riel et support d'un formateur, \u00e0 partir de 99\u20ac. N'importe quand, n'importe o\u00f9.","og_url":"https:\/\/capricornls.com\/fr\/wine-english-training\/","og_site_name":"Capricorn Language Solutions","article_modified_time":"2021-12-08T14:27:51+00:00","twitter_card":"summary_large_image","schema":{"@context":"https:\/\/schema.org","@graph":[{"@type":"WebPage","@id":"https:\/\/capricornls.com\/fr\/wine-english-training\/","url":"https:\/\/capricornls.com\/fr\/wine-english-training\/","name":"Formation \u00e0 l'anglais du vin - Capricorn Language Solutions","isPartOf":{"@id":"https:\/\/capricornls.com\/#website"},"datePublished":"2021-06-16T10:24:50+00:00","dateModified":"2021-12-08T14:27:51+00:00","description":"Formations multim\u00e9dia interactives en ligne, mat\u00e9riel et support d'un formateur, \u00e0 partir de 99\u20ac. N'importe quand, n'importe o\u00f9.","breadcrumb":{"@id":"https:\/\/capricornls.com\/fr\/wine-english-training\/#breadcrumb"},"inLanguage":"fr-FR","potentialAction":[{"@type":"ReadAction","target":["https:\/\/capricornls.com\/fr\/wine-english-training\/"]}]},{"@type":"BreadcrumbList","@id":"https:\/\/capricornls.com\/fr\/wine-english-training\/#breadcrumb","itemListElement":[{"@type":"ListItem","position":1,"name":"Home","item":"https:\/\/capricornls.com\/fr\/"},{"@type":"ListItem","position":2,"name":"Formation \u00e0 l&#8217;anglais du vin"}]},{"@type":"WebSite","@id":"https:\/\/capricornls.com\/#website","url":"https:\/\/capricornls.com\/","name":"Capricorn Language Solutions","description":"Specialist Mobile Business English language training","potentialAction":[{"@type":"SearchAction","target":{"@type":"EntryPoint","urlTemplate":"https:\/\/capricornls.com\/?s={search_term_string}"},"query-input":"required name=search_term_string"}],"inLanguage":"fr-FR"}]}},"_links":{"self":[{"href":"https:\/\/capricornls.com\/fr\/wp-json\/wp\/v2\/pages\/1496","targetHints":{"allow":["GET"]}}],"collection":[{"href":"https:\/\/capricornls.com\/fr\/wp-json\/wp\/v2\/pages"}],"about":[{"href":"https:\/\/capricornls.com\/fr\/wp-json\/wp\/v2\/types\/page"}],"author":[{"embeddable":true,"href":"https:\/\/capricornls.com\/fr\/wp-json\/wp\/v2\/users\/2"}],"replies":[{"embeddable":true,"href":"https:\/\/capricornls.com\/fr\/wp-json\/wp\/v2\/comments?post=1496"}],"version-history":[{"count":0,"href":"https:\/\/capricornls.com\/fr\/wp-json\/wp\/v2\/pages\/1496\/revisions"}],"wp:attachment":[{"href":"https:\/\/capricornls.com\/fr\/wp-json\/wp\/v2\/media?parent=1496"}],"curies":[{"name":"wp","href":"https:\/\/api.w.org\/{rel}","templated":true}]}}