{"id":1507,"date":"2021-06-10T13:05:51","date_gmt":"2021-06-10T12:05:51","guid":{"rendered":"http:\/\/capricornls.com\/financial-english-training\/"},"modified":"2021-12-02T10:34:46","modified_gmt":"2021-12-02T10:34:46","slug":"financial-english-training","status":"publish","type":"page","link":"https:\/\/capricornls.com\/fr\/financial-english-training\/","title":{"rendered":"Formation \u00e0 l\u2019anglais financier"},"content":{"rendered":"","protected":false},"excerpt":{"rendered":"","protected":false},"author":2,"featured_media":0,"parent":0,"menu_order":0,"comment_status":"closed","ping_status":"closed","template":"","meta":{"content-type":"","footnotes":"","_links_to":"","_links_to_target":""},"class_list":["post-1507","page","type-page","status-publish","hentry"],"acf":[],"yoast_head":"<!-- This site is optimized with the Yoast SEO plugin v19.10 - https:\/\/yoast.com\/wordpress\/plugins\/seo\/ -->\n<title>Formation \u00e0 l\u2019anglais financier - Capricorn Language Solutions<\/title>\n<meta name=\"description\" content=\"Cours d&#039;anglais de la finance en groupe ou en individuel - s\u00e9ances appel video et\/ou materiel interactif en ligne. Analyses et certificat de niveau en accord avec le Cadre Europ\u00e9en de R\u00e9f\u00e9rence.\" \/>\n<meta name=\"robots\" content=\"index, follow, max-snippet:-1, max-image-preview:large, max-video-preview:-1\" \/>\n<link rel=\"canonical\" href=\"https:\/\/capricornls.com\/fr\/financial-english-training\/\" \/>\n<meta property=\"og:locale\" content=\"fr_FR\" \/>\n<meta property=\"og:type\" content=\"article\" \/>\n<meta property=\"og:title\" content=\"Formation \u00e0 l\u2019anglais financier - Capricorn Language Solutions\" \/>\n<meta property=\"og:description\" content=\"Cours d&#039;anglais de la finance en groupe ou en individuel - s\u00e9ances appel video et\/ou materiel interactif en ligne. Analyses et certificat de niveau en accord avec le Cadre Europ\u00e9en de R\u00e9f\u00e9rence.\" \/>\n<meta property=\"og:url\" content=\"https:\/\/capricornls.com\/fr\/financial-english-training\/\" \/>\n<meta property=\"og:site_name\" content=\"Capricorn Language Solutions\" \/>\n<meta property=\"article:modified_time\" content=\"2021-12-02T10:34:46+00:00\" \/>\n<meta name=\"twitter:card\" content=\"summary_large_image\" \/>\n<script type=\"application\/ld+json\" class=\"yoast-schema-graph\">{\"@context\":\"https:\/\/schema.org\",\"@graph\":[{\"@type\":\"WebPage\",\"@id\":\"https:\/\/capricornls.com\/fr\/financial-english-training\/\",\"url\":\"https:\/\/capricornls.com\/fr\/financial-english-training\/\",\"name\":\"Formation \u00e0 l\u2019anglais financier - Capricorn Language Solutions\",\"isPartOf\":{\"@id\":\"https:\/\/capricornls.com\/#website\"},\"datePublished\":\"2021-06-10T12:05:51+00:00\",\"dateModified\":\"2021-12-02T10:34:46+00:00\",\"description\":\"Cours d'anglais de la finance en groupe ou en individuel - s\u00e9ances appel video et\/ou materiel interactif en ligne. Analyses et certificat de niveau en accord avec le Cadre Europ\u00e9en de R\u00e9f\u00e9rence.\",\"breadcrumb\":{\"@id\":\"https:\/\/capricornls.com\/fr\/financial-english-training\/#breadcrumb\"},\"inLanguage\":\"fr-FR\",\"potentialAction\":[{\"@type\":\"ReadAction\",\"target\":[\"https:\/\/capricornls.com\/fr\/financial-english-training\/\"]}]},{\"@type\":\"BreadcrumbList\",\"@id\":\"https:\/\/capricornls.com\/fr\/financial-english-training\/#breadcrumb\",\"itemListElement\":[{\"@type\":\"ListItem\",\"position\":1,\"name\":\"Home\",\"item\":\"https:\/\/capricornls.com\/fr\/\"},{\"@type\":\"ListItem\",\"position\":2,\"name\":\"Formation \u00e0 l\u2019anglais financier\"}]},{\"@type\":\"WebSite\",\"@id\":\"https:\/\/capricornls.com\/#website\",\"url\":\"https:\/\/capricornls.com\/\",\"name\":\"Capricorn Language Solutions\",\"description\":\"Specialist Mobile Business English language training\",\"potentialAction\":[{\"@type\":\"SearchAction\",\"target\":{\"@type\":\"EntryPoint\",\"urlTemplate\":\"https:\/\/capricornls.com\/?s={search_term_string}\"},\"query-input\":\"required name=search_term_string\"}],\"inLanguage\":\"fr-FR\"}]}<\/script>\n<!-- \/ Yoast SEO plugin. -->","yoast_head_json":{"title":"Formation \u00e0 l\u2019anglais financier - Capricorn Language Solutions","description":"Cours d'anglais de la finance en groupe ou en individuel - s\u00e9ances appel video et\/ou materiel interactif en ligne. Analyses et certificat de niveau en accord avec le Cadre Europ\u00e9en de R\u00e9f\u00e9rence.","robots":{"index":"index","follow":"follow","max-snippet":"max-snippet:-1","max-image-preview":"max-image-preview:large","max-video-preview":"max-video-preview:-1"},"canonical":"https:\/\/capricornls.com\/fr\/financial-english-training\/","og_locale":"fr_FR","og_type":"article","og_title":"Formation \u00e0 l\u2019anglais financier - Capricorn Language Solutions","og_description":"Cours d'anglais de la finance en groupe ou en individuel - s\u00e9ances appel video et\/ou materiel interactif en ligne. Analyses et certificat de niveau en accord avec le Cadre Europ\u00e9en de R\u00e9f\u00e9rence.","og_url":"https:\/\/capricornls.com\/fr\/financial-english-training\/","og_site_name":"Capricorn Language Solutions","article_modified_time":"2021-12-02T10:34:46+00:00","twitter_card":"summary_large_image","schema":{"@context":"https:\/\/schema.org","@graph":[{"@type":"WebPage","@id":"https:\/\/capricornls.com\/fr\/financial-english-training\/","url":"https:\/\/capricornls.com\/fr\/financial-english-training\/","name":"Formation \u00e0 l\u2019anglais financier - Capricorn Language Solutions","isPartOf":{"@id":"https:\/\/capricornls.com\/#website"},"datePublished":"2021-06-10T12:05:51+00:00","dateModified":"2021-12-02T10:34:46+00:00","description":"Cours d'anglais de la finance en groupe ou en individuel - s\u00e9ances appel video et\/ou materiel interactif en ligne. Analyses et certificat de niveau en accord avec le Cadre Europ\u00e9en de R\u00e9f\u00e9rence.","breadcrumb":{"@id":"https:\/\/capricornls.com\/fr\/financial-english-training\/#breadcrumb"},"inLanguage":"fr-FR","potentialAction":[{"@type":"ReadAction","target":["https:\/\/capricornls.com\/fr\/financial-english-training\/"]}]},{"@type":"BreadcrumbList","@id":"https:\/\/capricornls.com\/fr\/financial-english-training\/#breadcrumb","itemListElement":[{"@type":"ListItem","position":1,"name":"Home","item":"https:\/\/capricornls.com\/fr\/"},{"@type":"ListItem","position":2,"name":"Formation \u00e0 l\u2019anglais financier"}]},{"@type":"WebSite","@id":"https:\/\/capricornls.com\/#website","url":"https:\/\/capricornls.com\/","name":"Capricorn Language Solutions","description":"Specialist Mobile Business English language training","potentialAction":[{"@type":"SearchAction","target":{"@type":"EntryPoint","urlTemplate":"https:\/\/capricornls.com\/?s={search_term_string}"},"query-input":"required name=search_term_string"}],"inLanguage":"fr-FR"}]}},"_links":{"self":[{"href":"https:\/\/capricornls.com\/fr\/wp-json\/wp\/v2\/pages\/1507","targetHints":{"allow":["GET"]}}],"collection":[{"href":"https:\/\/capricornls.com\/fr\/wp-json\/wp\/v2\/pages"}],"about":[{"href":"https:\/\/capricornls.com\/fr\/wp-json\/wp\/v2\/types\/page"}],"author":[{"embeddable":true,"href":"https:\/\/capricornls.com\/fr\/wp-json\/wp\/v2\/users\/2"}],"replies":[{"embeddable":true,"href":"https:\/\/capricornls.com\/fr\/wp-json\/wp\/v2\/comments?post=1507"}],"version-history":[{"count":0,"href":"https:\/\/capricornls.com\/fr\/wp-json\/wp\/v2\/pages\/1507\/revisions"}],"wp:attachment":[{"href":"https:\/\/capricornls.com\/fr\/wp-json\/wp\/v2\/media?parent=1507"}],"curies":[{"name":"wp","href":"https:\/\/api.w.org\/{rel}","templated":true}]}}